{"id":7,"date":"2023-11-13T17:53:29","date_gmt":"2023-11-13T16:53:29","guid":{"rendered":"http:\/\/lgdmes.fr\/?page_id=7"},"modified":"2023-11-19T19:46:55","modified_gmt":"2023-11-19T18:46:55","slug":"about","status":"publish","type":"page","link":"https:\/\/lgdmes.fr\/","title":{"rendered":"Accueil"},"content":{"rendered":"\n<div id=\"Accueil\" class=\"wp-block-group .Accueil {width: 100%;max-width: 100%;} has-global-padding is-layout-constrained wp-block-group-is-layout-constrained\">\n<div class=\"wp-block-columns is-layout-flex wp-container-core-columns-is-layout-28f84493 wp-block-columns-is-layout-flex\">\n<div class=\"wp-block-column Accueil { width: 100%; max-width: } is-layout-flow wp-block-column-is-layout-flow\" style=\"flex-basis:100%\" id=\"Accueil\">\n<div class=\"wp-block-group is-layout-flow wp-block-group-is-layout-flow\">\n<p class=\"has-text-align-center has-large-font-size\"><strong>Une Guilde Intr\u00e9pide<\/strong><\/p>\n\n\n\n<p class=\"has-text-align-center has-medium-font-size\"><strong>Bienvenue dans le Royaume de l&rsquo;Imagination M\u00e9di\u00e9vale !<\/strong><\/p>\n\n\n\n<p class=\"has-text-align-center has-medium-font-size\"><strong>D\u00e9couvrez un univers fantastique o\u00f9 l&rsquo;entraide et la cr\u00e9ativit\u00e9 r\u00e8gnent !<\/strong><\/p>\n\n\n\n<hr class=\"wp-block-separator has-alpha-channel-opacity is-style-wide\"\/>\n\n\n\n<blockquote class=\"wp-block-quote is-style-plain has-medium-font-size is-layout-flow wp-block-quote-is-layout-flow\" style=\"font-style:normal;font-weight:400\">\n<p class=\"has-text-align-left has-white-color has-text-color has-link-color wp-elements-d0d6a15dbd30d1c6e02d4891171c5a63\">Chers amis et passionn\u00e9s du m\u00e9di\u00e9val fantastique,<\/p>\n\n\n\n<p class=\"has-text-align-left has-white-color has-text-color has-link-color wp-elements-e5b01f10b531623d31d30a322893cbcd\"> \ud83c\udf1f Vous \u00eates convi\u00e9s \u00e0 plonger au c\u0153ur d&rsquo;un royaume ensorcelant, o\u00f9 les arts et artisanats anciens prennent vie, port\u00e9s par une communaut\u00e9 d\u00e9di\u00e9e \u00e0 la magie de l&rsquo;entraide. Bienvenue dans l&rsquo;Association des R\u00eaveurs M\u00e9di\u00e9vaux, une organisation \u00e0 but non lucratif d\u00e9di\u00e9e \u00e0 la cr\u00e9ation de spectacles, d&rsquo;animations uniques et \u00e0 la mise en avant des artistes et artisans, \u00e9veillant l&rsquo;esprit chevaleresque qui sommeille en chacun de nous.<\/p>\n<\/blockquote>\n\n\n\n<hr class=\"wp-block-separator has-alpha-channel-opacity is-style-wide\"\/>\n\n\n\n<h2 class=\"wp-block-heading has-text-align-center\"><strong>Ce que nous vous offrons<\/strong><\/h2>\n\n\n\n<div class=\"wp-block-media-text is-stacked-on-mobile\"><figure class=\"wp-block-media-text__media\"><img fetchpriority=\"high\" decoding=\"async\" width=\"4688\" height=\"3125\" src=\"https:\/\/lgdmes.fr\/wp-content\/uploads\/2023\/11\/Bardesvoleurdebaton-GMS-Credits-edited.png\" alt=\"\" class=\"wp-image-139 size-full\" srcset=\"https:\/\/lgdmes.fr\/wp-content\/uploads\/2023\/11\/Bardesvoleurdebaton-GMS-Credits-edited.png 4688w, https:\/\/lgdmes.fr\/wp-content\/uploads\/2023\/11\/Bardesvoleurdebaton-GMS-Credits-edited-300x200.png 300w, https:\/\/lgdmes.fr\/wp-content\/uploads\/2023\/11\/Bardesvoleurdebaton-GMS-Credits-edited-1024x683.png 1024w, https:\/\/lgdmes.fr\/wp-content\/uploads\/2023\/11\/Bardesvoleurdebaton-GMS-Credits-edited-768x512.png 768w, https:\/\/lgdmes.fr\/wp-content\/uploads\/2023\/11\/Bardesvoleurdebaton-GMS-Credits-edited-1536x1024.png 1536w, https:\/\/lgdmes.fr\/wp-content\/uploads\/2023\/11\/Bardesvoleurdebaton-GMS-Credits-edited-2048x1365.png 2048w, https:\/\/lgdmes.fr\/wp-content\/uploads\/2023\/11\/Bardesvoleurdebaton-GMS-Credits-edited-2000x1333.png 2000w\" sizes=\"(max-width: 4688px) 100vw, 4688px\" \/><\/figure><div class=\"wp-block-media-text__content\">\n<p class=\"has-text-align-left\">\ud83c\udfad <strong>Spectacles \u00c9piques<\/strong><\/p>\n\n\n\n<p class=\"has-text-align-left\">Laissez-vous emporter par des repr\u00e9sentations th\u00e9\u00e2trales et des spectacles qui vous transporteront \u00e0 une \u00e9poque o\u00f9 les chevaliers courageux et les cr\u00e9atures fantastiques faisaient vibrer le monde.<\/p>\n<\/div><\/div>\n\n\n\n<div style=\"height:22px\" aria-hidden=\"true\" class=\"wp-block-spacer\"><\/div>\n\n\n\n<div class=\"wp-block-media-text has-media-on-the-right is-stacked-on-mobile\"><div class=\"wp-block-media-text__content\">\n<p class=\"has-text-align-left\">\ud83d\udd2e <strong>Ateliers <\/strong><\/p>\n\n\n\n<p class=\"has-text-align-left\">Apprenez les secrets des artisans et artistes et laissez votre cr\u00e9ativit\u00e9 s&rsquo;exprimer dans des ateliers o\u00f9 la fabrication d&rsquo;objets enchant\u00e9s et la r\u00e9alisation de vos projets devient r\u00e9alit\u00e9.<\/p>\n<\/div><figure class=\"wp-block-media-text__media\"><img decoding=\"async\" width=\"3514\" height=\"2101\" src=\"https:\/\/lgdmes.fr\/wp-content\/uploads\/2023\/11\/Combats1-GMS-Credits-1-edited.png\" alt=\"\" class=\"wp-image-141 size-full\" srcset=\"https:\/\/lgdmes.fr\/wp-content\/uploads\/2023\/11\/Combats1-GMS-Credits-1-edited.png 3514w, https:\/\/lgdmes.fr\/wp-content\/uploads\/2023\/11\/Combats1-GMS-Credits-1-edited-300x179.png 300w, https:\/\/lgdmes.fr\/wp-content\/uploads\/2023\/11\/Combats1-GMS-Credits-1-edited-1024x612.png 1024w, https:\/\/lgdmes.fr\/wp-content\/uploads\/2023\/11\/Combats1-GMS-Credits-1-edited-768x459.png 768w, https:\/\/lgdmes.fr\/wp-content\/uploads\/2023\/11\/Combats1-GMS-Credits-1-edited-1536x918.png 1536w, https:\/\/lgdmes.fr\/wp-content\/uploads\/2023\/11\/Combats1-GMS-Credits-1-edited-2048x1224.png 2048w, https:\/\/lgdmes.fr\/wp-content\/uploads\/2023\/11\/Combats1-GMS-Credits-1-edited-2000x1196.png 2000w\" sizes=\"(max-width: 3514px) 100vw, 3514px\" \/><\/figure><\/div>\n\n\n\n<div style=\"height:22px\" aria-hidden=\"true\" class=\"wp-block-spacer\"><\/div>\n\n\n\n<div class=\"wp-block-media-text is-stacked-on-mobile\"><figure class=\"wp-block-media-text__media\"><img decoding=\"async\" width=\"4566\" height=\"2894\" src=\"https:\/\/lgdmes.fr\/wp-content\/uploads\/2023\/11\/Combats2-GMS-Credits-edited.png\" alt=\"\" class=\"wp-image-143 size-full\" srcset=\"https:\/\/lgdmes.fr\/wp-content\/uploads\/2023\/11\/Combats2-GMS-Credits-edited.png 4566w, https:\/\/lgdmes.fr\/wp-content\/uploads\/2023\/11\/Combats2-GMS-Credits-edited-300x190.png 300w, https:\/\/lgdmes.fr\/wp-content\/uploads\/2023\/11\/Combats2-GMS-Credits-edited-1024x649.png 1024w, https:\/\/lgdmes.fr\/wp-content\/uploads\/2023\/11\/Combats2-GMS-Credits-edited-768x487.png 768w, https:\/\/lgdmes.fr\/wp-content\/uploads\/2023\/11\/Combats2-GMS-Credits-edited-1536x974.png 1536w, https:\/\/lgdmes.fr\/wp-content\/uploads\/2023\/11\/Combats2-GMS-Credits-edited-2048x1298.png 2048w, https:\/\/lgdmes.fr\/wp-content\/uploads\/2023\/11\/Combats2-GMS-Credits-edited-2000x1268.png 2000w\" sizes=\"(max-width: 4566px) 100vw, 4566px\" \/><\/figure><div class=\"wp-block-media-text__content\">\n<p class=\"has-text-align-left\">\ud83e\udd1d <strong>Esprit d&rsquo;Entraide<\/strong><\/p>\n\n\n\n<p class=\"has-text-align-left\">Rejoignez une communaut\u00e9 passionn\u00e9e, o\u00f9 le partage de connaissances et l&rsquo;entraide sont les piliers fondamentaux. Ensemble, nous b\u00e2tissons un monde o\u00f9 chacun a sa place.<\/p>\n<\/div><\/div>\n\n\n\n<div style=\"height:22px\" aria-hidden=\"true\" class=\"wp-block-spacer\"><\/div>\n\n\n\n<div class=\"wp-block-media-text has-media-on-the-right is-stacked-on-mobile is-vertically-aligned-center\"><div class=\"wp-block-media-text__content\">\n<div class=\"wp-block-group is-vertical is-layout-flex wp-container-core-group-is-layout-fe9cc265 wp-block-group-is-layout-flex\">\n<p class=\"has-text-align-left\">\ud83c\udf1f <strong>Pourquoi soutenir notre Association<\/strong> <\/p>\n\n\n\n<p class=\"has-text-align-left\">En participant \u00e0 la vie de la Guilde et en lui confiant l&rsquo;animation de vos \u00e9v\u00e8nements, vous soutenez non seulement la pr\u00e9servation des arts m\u00e9di\u00e9vaux, mais vous contribuez \u00e9galement \u00e0 la construction d&rsquo;un grand r\u00e9seau d&rsquo;entraide. Parce que chez les R\u00eaveurs M\u00e9di\u00e9vaux, chaque geste compte.<\/p>\n<\/div>\n<\/div><figure class=\"wp-block-media-text__media\"><img loading=\"lazy\" decoding=\"async\" width=\"4131\" height=\"2857\" src=\"https:\/\/lgdmes.fr\/wp-content\/uploads\/2023\/11\/Danses2-GMS-Credits-1-edited.png\" alt=\"\" class=\"wp-image-145 size-full\" srcset=\"https:\/\/lgdmes.fr\/wp-content\/uploads\/2023\/11\/Danses2-GMS-Credits-1-edited.png 4131w, https:\/\/lgdmes.fr\/wp-content\/uploads\/2023\/11\/Danses2-GMS-Credits-1-edited-300x207.png 300w, https:\/\/lgdmes.fr\/wp-content\/uploads\/2023\/11\/Danses2-GMS-Credits-1-edited-1024x708.png 1024w, https:\/\/lgdmes.fr\/wp-content\/uploads\/2023\/11\/Danses2-GMS-Credits-1-edited-768x531.png 768w, https:\/\/lgdmes.fr\/wp-content\/uploads\/2023\/11\/Danses2-GMS-Credits-1-edited-1536x1062.png 1536w, https:\/\/lgdmes.fr\/wp-content\/uploads\/2023\/11\/Danses2-GMS-Credits-1-edited-2048x1416.png 2048w, https:\/\/lgdmes.fr\/wp-content\/uploads\/2023\/11\/Danses2-GMS-Credits-1-edited-2000x1383.png 2000w\" sizes=\"(max-width: 4131px) 100vw, 4131px\" \/><\/figure><\/div>\n\n\n\n<div style=\"height:22px\" aria-hidden=\"true\" class=\"wp-block-spacer\"><\/div>\n\n\n\n<p class=\"has-text-align-center has-medium-font-size\">Venez vivre la magie m\u00e9di\u00e9vale avec nous !<\/p>\n\n\n\n<div class=\"wp-block-buttons is-horizontal is-content-justification-center is-layout-flex wp-container-core-buttons-is-layout-03627597 wp-block-buttons-is-layout-flex\">\n<div class=\"wp-block-button has-custom-font-size is-style-outline has-small-font-size is-style-outline--1\"><a class=\"wp-block-button__link wp-element-button\" href=\"\/\/www.helloasso.com\/associations\/la-guilde-des-menestrels-et-saltimbanques\/formulaires\/2\" style=\"border-radius:0px\" target=\"_blank\" rel=\"noreferrer noopener\">Dons<\/a><\/div>\n<\/div>\n\n\n\n<div style=\"height:57px\" aria-hidden=\"true\" class=\"wp-block-spacer\"><\/div>\n<\/div>\n<\/div>\n<\/div>\n<\/div>\n","protected":false},"excerpt":{"rendered":"<p>Une Guilde Intr\u00e9pide Bienvenue dans le Royaume de l&rsquo;Imagination M\u00e9di\u00e9vale ! D\u00e9couvrez un univers fantastique o\u00f9 l&rsquo;entraide et la cr\u00e9ativit\u00e9 r\u00e8gnent ! Chers amis et passionn\u00e9s du m\u00e9di\u00e9val fantastique, \ud83c\udf1f Vous \u00eates convi\u00e9s \u00e0 plonger au c\u0153ur d&rsquo;un royaume ensorcelant, o\u00f9 les arts et artisanats anciens prennent vie, port\u00e9s par une communaut\u00e9 d\u00e9di\u00e9e \u00e0 la &hellip; <\/p>\n<p class=\"link-more\"><a href=\"https:\/\/lgdmes.fr\/\" class=\"more-link\">Lire la suite de<span class=\"screen-reader-text\">\u00ab\u00a0Accueil\u00a0\u00bb<\/span><\/a><\/p>\n","protected":false},"author":1,"featured_media":11,"parent":0,"menu_order":0,"comment_status":"closed","ping_status":"closed","template":"","meta":{"footnotes":""},"class_list":["post-7","page","type-page","status-publish","has-post-thumbnail","hentry"],"yoast_head":"<!-- This site is optimized with the Yoast SEO plugin v23.8 - https:\/\/yoast.com\/wordpress\/plugins\/seo\/ -->\n<title>Accueil - Guilde M\u00e9nestrels &amp; Saltimbanques<\/title>\n<meta name=\"robots\" content=\"index, follow, max-snippet:-1, max-image-preview:large, max-video-preview:-1\" \/>\n<link rel=\"canonical\" href=\"https:\/\/lgdmes.fr\/\" \/>\n<meta property=\"og:locale\" content=\"fr_FR\" \/>\n<meta property=\"og:type\" content=\"article\" \/>\n<meta property=\"og:title\" content=\"Accueil - Guilde M\u00e9nestrels &amp; Saltimbanques\" \/>\n<meta property=\"og:description\" content=\"Une Guilde Intr\u00e9pide Bienvenue dans le Royaume de l&rsquo;Imagination M\u00e9di\u00e9vale ! D\u00e9couvrez un univers fantastique o\u00f9 l&rsquo;entraide et la cr\u00e9ativit\u00e9 r\u00e8gnent ! Chers amis et passionn\u00e9s du m\u00e9di\u00e9val fantastique, \ud83c\udf1f Vous \u00eates convi\u00e9s \u00e0 plonger au c\u0153ur d&rsquo;un royaume ensorcelant, o\u00f9 les arts et artisanats anciens prennent vie, port\u00e9s par une communaut\u00e9 d\u00e9di\u00e9e \u00e0 la &hellip; Lire la suite de\u00ab\u00a0Accueil\u00a0\u00bb\" \/>\n<meta property=\"og:url\" content=\"https:\/\/lgdmes.fr\/\" \/>\n<meta property=\"og:site_name\" content=\"Guilde M\u00e9nestrels &amp; Saltimbanques\" \/>\n<meta property=\"article:modified_time\" content=\"2023-11-19T18:46:55+00:00\" \/>\n<meta property=\"og:image\" content=\"https:\/\/lgdmes.fr\/wp-content\/uploads\/2023\/11\/GMS-Banniere-fondGrenoblois2023-1024x576.png\" \/>\n\t<meta property=\"og:image:width\" content=\"1024\" \/>\n\t<meta property=\"og:image:height\" content=\"576\" \/>\n\t<meta property=\"og:image:type\" content=\"image\/png\" \/>\n<meta name=\"twitter:card\" content=\"summary_large_image\" \/>\n<meta name=\"twitter:label1\" content=\"Dur\u00e9e de lecture estim\u00e9e\" \/>\n\t<meta name=\"twitter:data1\" content=\"2 minutes\" \/>\n<script type=\"application\/ld+json\" class=\"yoast-schema-graph\">{\"@context\":\"https:\/\/schema.org\",\"@graph\":[{\"@type\":\"WebPage\",\"@id\":\"https:\/\/lgdmes.fr\/\",\"url\":\"https:\/\/lgdmes.fr\/\",\"name\":\"Accueil - Guilde M\u00e9nestrels &amp; Saltimbanques\",\"isPartOf\":{\"@id\":\"https:\/\/lgdmes.fr\/#website\"},\"primaryImageOfPage\":{\"@id\":\"https:\/\/lgdmes.fr\/#primaryimage\"},\"image\":{\"@id\":\"https:\/\/lgdmes.fr\/#primaryimage\"},\"thumbnailUrl\":\"https:\/\/lgdmes.fr\/wp-content\/uploads\/2023\/11\/GMS-Banniere-fondGrenoblois2023.png\",\"datePublished\":\"2023-11-13T16:53:29+00:00\",\"dateModified\":\"2023-11-19T18:46:55+00:00\",\"breadcrumb\":{\"@id\":\"https:\/\/lgdmes.fr\/#breadcrumb\"},\"inLanguage\":\"fr-FR\",\"potentialAction\":[{\"@type\":\"ReadAction\",\"target\":[\"https:\/\/lgdmes.fr\/\"]}]},{\"@type\":\"ImageObject\",\"inLanguage\":\"fr-FR\",\"@id\":\"https:\/\/lgdmes.fr\/#primaryimage\",\"url\":\"https:\/\/lgdmes.fr\/wp-content\/uploads\/2023\/11\/GMS-Banniere-fondGrenoblois2023.png\",\"contentUrl\":\"https:\/\/lgdmes.fr\/wp-content\/uploads\/2023\/11\/GMS-Banniere-fondGrenoblois2023.png\",\"width\":1920,\"height\":1080},{\"@type\":\"BreadcrumbList\",\"@id\":\"https:\/\/lgdmes.fr\/#breadcrumb\",\"itemListElement\":[{\"@type\":\"ListItem\",\"position\":1,\"name\":\"Accueil\",\"item\":\"https:\/\/lgdmes.fr\/\"},{\"@type\":\"ListItem\",\"position\":2,\"name\":\"Accueil\"}]},{\"@type\":\"WebSite\",\"@id\":\"https:\/\/lgdmes.fr\/#website\",\"url\":\"https:\/\/lgdmes.fr\/\",\"name\":\"Guilde M\u00e9nestrels &amp; Saltimbanques\",\"description\":\"Une aventure m\u00e9di\u00e9vale fantastique\",\"publisher\":{\"@id\":\"https:\/\/lgdmes.fr\/#organization\"},\"potentialAction\":[{\"@type\":\"SearchAction\",\"target\":{\"@type\":\"EntryPoint\",\"urlTemplate\":\"https:\/\/lgdmes.fr\/?s={search_term_string}\"},\"query-input\":{\"@type\":\"PropertyValueSpecification\",\"valueRequired\":true,\"valueName\":\"search_term_string\"}}],\"inLanguage\":\"fr-FR\"},{\"@type\":\"Organization\",\"@id\":\"https:\/\/lgdmes.fr\/#organization\",\"name\":\"Guilde M\u00e9nestrels &amp; Saltimbanques\",\"url\":\"https:\/\/lgdmes.fr\/\",\"logo\":{\"@type\":\"ImageObject\",\"inLanguage\":\"fr-FR\",\"@id\":\"https:\/\/lgdmes.fr\/#\/schema\/logo\/image\/\",\"url\":\"https:\/\/lgdmes.fr\/wp-content\/uploads\/2023\/11\/cropped-LOGO-GMS-SF2023.png\",\"contentUrl\":\"https:\/\/lgdmes.fr\/wp-content\/uploads\/2023\/11\/cropped-LOGO-GMS-SF2023.png\",\"width\":297,\"height\":324,\"caption\":\"Guilde M\u00e9nestrels &amp; Saltimbanques\"},\"image\":{\"@id\":\"https:\/\/lgdmes.fr\/#\/schema\/logo\/image\/\"}}]}<\/script>\n<!-- \/ Yoast SEO plugin. -->","yoast_head_json":{"title":"Accueil - Guilde M\u00e9nestrels &amp; Saltimbanques","robots":{"index":"index","follow":"follow","max-snippet":"max-snippet:-1","max-image-preview":"max-image-preview:large","max-video-preview":"max-video-preview:-1"},"canonical":"https:\/\/lgdmes.fr\/","og_locale":"fr_FR","og_type":"article","og_title":"Accueil - Guilde M\u00e9nestrels &amp; Saltimbanques","og_description":"Une Guilde Intr\u00e9pide Bienvenue dans le Royaume de l&rsquo;Imagination M\u00e9di\u00e9vale ! D\u00e9couvrez un univers fantastique o\u00f9 l&rsquo;entraide et la cr\u00e9ativit\u00e9 r\u00e8gnent ! Chers amis et passionn\u00e9s du m\u00e9di\u00e9val fantastique, \ud83c\udf1f Vous \u00eates convi\u00e9s \u00e0 plonger au c\u0153ur d&rsquo;un royaume ensorcelant, o\u00f9 les arts et artisanats anciens prennent vie, port\u00e9s par une communaut\u00e9 d\u00e9di\u00e9e \u00e0 la &hellip; Lire la suite de\u00ab\u00a0Accueil\u00a0\u00bb","og_url":"https:\/\/lgdmes.fr\/","og_site_name":"Guilde M\u00e9nestrels &amp; Saltimbanques","article_modified_time":"2023-11-19T18:46:55+00:00","og_image":[{"width":1024,"height":576,"url":"https:\/\/lgdmes.fr\/wp-content\/uploads\/2023\/11\/GMS-Banniere-fondGrenoblois2023-1024x576.png","type":"image\/png"}],"twitter_card":"summary_large_image","twitter_misc":{"Dur\u00e9e de lecture estim\u00e9e":"2 minutes"},"schema":{"@context":"https:\/\/schema.org","@graph":[{"@type":"WebPage","@id":"https:\/\/lgdmes.fr\/","url":"https:\/\/lgdmes.fr\/","name":"Accueil - Guilde M\u00e9nestrels &amp; Saltimbanques","isPartOf":{"@id":"https:\/\/lgdmes.fr\/#website"},"primaryImageOfPage":{"@id":"https:\/\/lgdmes.fr\/#primaryimage"},"image":{"@id":"https:\/\/lgdmes.fr\/#primaryimage"},"thumbnailUrl":"https:\/\/lgdmes.fr\/wp-content\/uploads\/2023\/11\/GMS-Banniere-fondGrenoblois2023.png","datePublished":"2023-11-13T16:53:29+00:00","dateModified":"2023-11-19T18:46:55+00:00","breadcrumb":{"@id":"https:\/\/lgdmes.fr\/#breadcrumb"},"inLanguage":"fr-FR","potentialAction":[{"@type":"ReadAction","target":["https:\/\/lgdmes.fr\/"]}]},{"@type":"ImageObject","inLanguage":"fr-FR","@id":"https:\/\/lgdmes.fr\/#primaryimage","url":"https:\/\/lgdmes.fr\/wp-content\/uploads\/2023\/11\/GMS-Banniere-fondGrenoblois2023.png","contentUrl":"https:\/\/lgdmes.fr\/wp-content\/uploads\/2023\/11\/GMS-Banniere-fondGrenoblois2023.png","width":1920,"height":1080},{"@type":"BreadcrumbList","@id":"https:\/\/lgdmes.fr\/#breadcrumb","itemListElement":[{"@type":"ListItem","position":1,"name":"Accueil","item":"https:\/\/lgdmes.fr\/"},{"@type":"ListItem","position":2,"name":"Accueil"}]},{"@type":"WebSite","@id":"https:\/\/lgdmes.fr\/#website","url":"https:\/\/lgdmes.fr\/","name":"Guilde M\u00e9nestrels &amp; Saltimbanques","description":"Une aventure m\u00e9di\u00e9vale fantastique","publisher":{"@id":"https:\/\/lgdmes.fr\/#organization"},"potentialAction":[{"@type":"SearchAction","target":{"@type":"EntryPoint","urlTemplate":"https:\/\/lgdmes.fr\/?s={search_term_string}"},"query-input":{"@type":"PropertyValueSpecification","valueRequired":true,"valueName":"search_term_string"}}],"inLanguage":"fr-FR"},{"@type":"Organization","@id":"https:\/\/lgdmes.fr\/#organization","name":"Guilde M\u00e9nestrels &amp; Saltimbanques","url":"https:\/\/lgdmes.fr\/","logo":{"@type":"ImageObject","inLanguage":"fr-FR","@id":"https:\/\/lgdmes.fr\/#\/schema\/logo\/image\/","url":"https:\/\/lgdmes.fr\/wp-content\/uploads\/2023\/11\/cropped-LOGO-GMS-SF2023.png","contentUrl":"https:\/\/lgdmes.fr\/wp-content\/uploads\/2023\/11\/cropped-LOGO-GMS-SF2023.png","width":297,"height":324,"caption":"Guilde M\u00e9nestrels &amp; Saltimbanques"},"image":{"@id":"https:\/\/lgdmes.fr\/#\/schema\/logo\/image\/"}}]}},"_links":{"self":[{"href":"https:\/\/lgdmes.fr\/index.php\/wp-json\/wp\/v2\/pages\/7","targetHints":{"allow":["GET"]}}],"collection":[{"href":"https:\/\/lgdmes.fr\/index.php\/wp-json\/wp\/v2\/pages"}],"about":[{"href":"https:\/\/lgdmes.fr\/index.php\/wp-json\/wp\/v2\/types\/page"}],"author":[{"embeddable":true,"href":"https:\/\/lgdmes.fr\/index.php\/wp-json\/wp\/v2\/users\/1"}],"replies":[{"embeddable":true,"href":"https:\/\/lgdmes.fr\/index.php\/wp-json\/wp\/v2\/comments?post=7"}],"version-history":[{"count":38,"href":"https:\/\/lgdmes.fr\/index.php\/wp-json\/wp\/v2\/pages\/7\/revisions"}],"predecessor-version":[{"id":217,"href":"https:\/\/lgdmes.fr\/index.php\/wp-json\/wp\/v2\/pages\/7\/revisions\/217"}],"wp:featuredmedia":[{"embeddable":true,"href":"https:\/\/lgdmes.fr\/index.php\/wp-json\/wp\/v2\/media\/11"}],"wp:attachment":[{"href":"https:\/\/lgdmes.fr\/index.php\/wp-json\/wp\/v2\/media?parent=7"}],"curies":[{"name":"wp","href":"https:\/\/api.w.org\/{rel}","templated":true}]}}