{"id":310,"date":"2023-11-29T12:25:16","date_gmt":"2023-11-29T11:25:16","guid":{"rendered":"http:\/\/lgdmes.fr\/?page_id=310"},"modified":"2024-02-04T11:44:25","modified_gmt":"2024-02-04T10:44:25","slug":"deambulation","status":"publish","type":"page","link":"https:\/\/lgdmes.fr\/index.php\/deambulation\/","title":{"rendered":"D\u00e9ambulation"},"content":{"rendered":"\n<div class=\"wp-block-columns alignfull is-layout-flex wp-container-core-columns-is-layout-28f84493 wp-block-columns-is-layout-flex\">\n<div class=\"wp-block-column is-vertically-aligned-center is-layout-flow wp-block-column-is-layout-flow\" style=\"padding-right:var(--wp--preset--spacing--x-small);padding-left:var(--wp--preset--spacing--x-small)\">\n<div class=\"wp-block-buttons is-content-justification-center is-layout-flex wp-container-core-buttons-is-layout-a89b3969 wp-block-buttons-is-layout-flex\">\n<div class=\"wp-block-button is-style-outline is-style-outline--1\"><a class=\"wp-block-button__link has-background-color has-text-color has-background has-link-color has-text-align-center wp-element-button\" href=\"https:\/\/forms.gle\/q9TSqAHZmvQCBnat7\" style=\"border-radius:100px;background-color:#9675a2\" target=\"_blank\" rel=\"noreferrer noopener\">demande de devis<\/a><\/div>\n<\/div>\n\n\n\n<h2 class=\"wp-block-heading has-text-color has-link-color has-max-60-font-size wp-elements-3de860ab10c8dc57ff54d55b83ab1321\" style=\"color:#bb85cb;font-style:normal;font-weight:700\">Des aventuriers en tout genres<\/h2>\n\n\n\n<p style=\"font-size:clamp(16.293px, 1.018rem + ((1vw - 3.2px) * 0.907), 25px);\">D\u00e9couvrez l&rsquo;extraordinaire avec notre troupe costum\u00e9e en m\u00e9di\u00e9vale fantastique, une exp\u00e9rience unique qui transporte les spectateurs dans un monde envo\u00fbtant o\u00f9 la magie, l&rsquo;aventure et l&rsquo;imagination se rencontrent. Lors de vos \u00e9v\u00e8nements sp\u00e9ciaux, laissez-vous emporter par l&rsquo;incroyable voyage que notre troupe offre, une immersion totale dans cet univers.<\/p>\n\n\n\n<p style=\"font-size:clamp(16.293px, 1.018rem + ((1vw - 3.2px) * 0.907), 25px);\">Nos artistes, v\u00eatus de costumes \u00e9labor\u00e9s et authentiques, d\u00e9ambulent gracieusement \u00e0 travers la foule, captivant les regards et suscitant l&rsquo;\u00e9merveillement. Leur pr\u00e9sence dynamique cr\u00e9e une atmosph\u00e8re unique, transportant les spectateurs dans un pass\u00e9 mystique o\u00f9 les chevaliers vaillants, les cr\u00e9atures fantastiques et les sorciers puissants errent en harmonie.<\/p>\n\n\n\n<p style=\"font-size:clamp(16.293px, 1.018rem + ((1vw - 3.2px) * 0.907), 25px);\">Ce qui distingue notre troupe, c&rsquo;est son engagement \u00e0 interagir avec le public. Imaginez-vous plong\u00e9 dans des sc\u00e8nes improvis\u00e9es o\u00f9 les h\u00e9ros et les m\u00e9chants se croisent, o\u00f9 des chants envo\u00fbtants r\u00e9sonnent dans l&rsquo;air, et o\u00f9 des m\u00e9lodies enivrantes sont cr\u00e9\u00e9es au rythme de leur marche. Chaque membre de la troupe est un artiste passionn\u00e9, pr\u00eat \u00e0 vous faire vivre une exp\u00e9rience inoubliable.<\/p>\n\n\n\n<p style=\"font-size:clamp(16.293px, 1.018rem + ((1vw - 3.2px) * 0.907), 25px);\">Que ce soit lors de festivals, de foires m\u00e9di\u00e9vales, de mariages ou d&rsquo;\u00e9v\u00e8nements d&rsquo;entreprise, notre troupe apporte une touche de magie \u00e0 chaque occasion. Les enfants seront \u00e9merveill\u00e9s par les personnages fantastiques, tandis que les adultes se laisseront transporter dans une \u00e9poque r\u00e9volue, o\u00f9 l&rsquo;aventure \u00e9tait \u00e0 chaque coin de rue.<\/p>\n\n\n\n<p style=\"font-size:clamp(16.293px, 1.018rem + ((1vw - 3.2px) * 0.907), 25px);\">Faites de votre \u00e9v\u00e8nement un moment inoubliable avec notre troupe. Plongez-vous dans un monde o\u00f9 l&rsquo;imagination prend vie, o\u00f9 les r\u00eaves deviennent r\u00e9alit\u00e9, et o\u00f9 chaque pas r\u00e9sonne comme une invitation \u00e0 l&rsquo;\u00e9merveillement. Contactez-nous d\u00e8s aujourd&rsquo;hui et laissez-nous vous guider \u00e0 travers cette exp\u00e9rience magique qui restera grav\u00e9e dans les m\u00e9moires.<\/p>\n\n\n\n<div class=\"wp-block-buttons is-content-justification-center is-layout-flex wp-container-core-buttons-is-layout-a89b3969 wp-block-buttons-is-layout-flex\">\n<div class=\"wp-block-button is-style-outline is-style-outline--2\"><a class=\"wp-block-button__link has-background-color has-text-color has-background has-link-color has-text-align-center wp-element-button\" href=\"https:\/\/forms.gle\/q9TSqAHZmvQCBnat7\" style=\"border-radius:100px;background-color:#9675a2\" target=\"_blank\" rel=\"noreferrer noopener\">demande de devis<\/a><\/div>\n<\/div>\n\n\n\n<div style=\"height:var(--wp--preset--spacing--small)\" aria-hidden=\"true\" class=\"wp-block-spacer\"><\/div>\n<\/div>\n\n\n\n<div class=\"wp-block-column is-vertically-aligned-center is-layout-flow wp-block-column-is-layout-flow\">\n<figure class=\"wp-block-image size-large is-resized\"><img fetchpriority=\"high\" decoding=\"async\" width=\"470\" height=\"1024\" src=\"https:\/\/lgdmes.fr\/wp-content\/uploads\/2023\/11\/72a5a164-bae6-4264-a311-75003d88be11-470x1024.png\" alt=\"\" class=\"wp-image-312\" style=\"width:909px;height:auto\" srcset=\"https:\/\/lgdmes.fr\/wp-content\/uploads\/2023\/11\/72a5a164-bae6-4264-a311-75003d88be11-470x1024.png 470w, https:\/\/lgdmes.fr\/wp-content\/uploads\/2023\/11\/72a5a164-bae6-4264-a311-75003d88be11-138x300.png 138w, https:\/\/lgdmes.fr\/wp-content\/uploads\/2023\/11\/72a5a164-bae6-4264-a311-75003d88be11-2000x4358.png 2000w\" sizes=\"(max-width: 470px) 100vw, 470px\" \/><\/figure>\n<\/div>\n<\/div>\n","protected":false},"excerpt":{"rendered":"<p>Des aventuriers en tout genres D\u00e9couvrez l&rsquo;extraordinaire avec notre troupe costum\u00e9e en m\u00e9di\u00e9vale fantastique, une exp\u00e9rience unique qui transporte les spectateurs dans un monde envo\u00fbtant o\u00f9 la magie, l&rsquo;aventure et l&rsquo;imagination se rencontrent. Lors de vos \u00e9v\u00e8nements sp\u00e9ciaux, laissez-vous emporter par l&rsquo;incroyable voyage que notre troupe offre, une immersion totale dans cet univers. Nos artistes, &hellip; <\/p>\n<p class=\"link-more\"><a href=\"https:\/\/lgdmes.fr\/index.php\/deambulation\/\" class=\"more-link\">Lire la suite de<span class=\"screen-reader-text\">\u00ab\u00a0D\u00e9ambulation\u00a0\u00bb<\/span><\/a><\/p>\n","protected":false},"author":1,"featured_media":0,"parent":0,"menu_order":0,"comment_status":"closed","ping_status":"closed","template":"","meta":{"footnotes":""},"class_list":["post-310","page","type-page","status-publish","hentry"],"yoast_head":"<!-- This site is optimized with the Yoast SEO plugin v23.8 - https:\/\/yoast.com\/wordpress\/plugins\/seo\/ -->\n<title>D\u00e9ambulation - Guilde M\u00e9nestrels &amp; Saltimbanques<\/title>\n<meta name=\"robots\" content=\"index, follow, max-snippet:-1, max-image-preview:large, max-video-preview:-1\" \/>\n<link rel=\"canonical\" href=\"https:\/\/lgdmes.fr\/index.php\/deambulation\/\" \/>\n<meta property=\"og:locale\" content=\"fr_FR\" \/>\n<meta property=\"og:type\" content=\"article\" \/>\n<meta property=\"og:title\" content=\"D\u00e9ambulation - Guilde M\u00e9nestrels &amp; Saltimbanques\" \/>\n<meta property=\"og:description\" content=\"Des aventuriers en tout genres D\u00e9couvrez l&rsquo;extraordinaire avec notre troupe costum\u00e9e en m\u00e9di\u00e9vale fantastique, une exp\u00e9rience unique qui transporte les spectateurs dans un monde envo\u00fbtant o\u00f9 la magie, l&rsquo;aventure et l&rsquo;imagination se rencontrent. Lors de vos \u00e9v\u00e8nements sp\u00e9ciaux, laissez-vous emporter par l&rsquo;incroyable voyage que notre troupe offre, une immersion totale dans cet univers. Nos artistes, &hellip; Lire la suite de\u00ab\u00a0D\u00e9ambulation\u00a0\u00bb\" \/>\n<meta property=\"og:url\" content=\"https:\/\/lgdmes.fr\/index.php\/deambulation\/\" \/>\n<meta property=\"og:site_name\" content=\"Guilde M\u00e9nestrels &amp; Saltimbanques\" \/>\n<meta property=\"article:modified_time\" content=\"2024-02-04T10:44:25+00:00\" \/>\n<meta property=\"og:image\" content=\"http:\/\/lgdmes.fr\/wp-content\/uploads\/2023\/11\/72a5a164-bae6-4264-a311-75003d88be11-470x1024.png\" \/>\n<meta name=\"twitter:card\" content=\"summary_large_image\" \/>\n<meta name=\"twitter:label1\" content=\"Dur\u00e9e de lecture estim\u00e9e\" \/>\n\t<meta name=\"twitter:data1\" content=\"2 minutes\" \/>\n<script type=\"application\/ld+json\" class=\"yoast-schema-graph\">{\"@context\":\"https:\/\/schema.org\",\"@graph\":[{\"@type\":\"WebPage\",\"@id\":\"https:\/\/lgdmes.fr\/index.php\/deambulation\/\",\"url\":\"https:\/\/lgdmes.fr\/index.php\/deambulation\/\",\"name\":\"D\u00e9ambulation - Guilde M\u00e9nestrels &amp; Saltimbanques\",\"isPartOf\":{\"@id\":\"https:\/\/lgdmes.fr\/#website\"},\"primaryImageOfPage\":{\"@id\":\"https:\/\/lgdmes.fr\/index.php\/deambulation\/#primaryimage\"},\"image\":{\"@id\":\"https:\/\/lgdmes.fr\/index.php\/deambulation\/#primaryimage\"},\"thumbnailUrl\":\"http:\/\/lgdmes.fr\/wp-content\/uploads\/2023\/11\/72a5a164-bae6-4264-a311-75003d88be11-470x1024.png\",\"datePublished\":\"2023-11-29T11:25:16+00:00\",\"dateModified\":\"2024-02-04T10:44:25+00:00\",\"breadcrumb\":{\"@id\":\"https:\/\/lgdmes.fr\/index.php\/deambulation\/#breadcrumb\"},\"inLanguage\":\"fr-FR\",\"potentialAction\":[{\"@type\":\"ReadAction\",\"target\":[\"https:\/\/lgdmes.fr\/index.php\/deambulation\/\"]}]},{\"@type\":\"ImageObject\",\"inLanguage\":\"fr-FR\",\"@id\":\"https:\/\/lgdmes.fr\/index.php\/deambulation\/#primaryimage\",\"url\":\"http:\/\/lgdmes.fr\/wp-content\/uploads\/2023\/11\/72a5a164-bae6-4264-a311-75003d88be11-470x1024.png\",\"contentUrl\":\"http:\/\/lgdmes.fr\/wp-content\/uploads\/2023\/11\/72a5a164-bae6-4264-a311-75003d88be11-470x1024.png\"},{\"@type\":\"BreadcrumbList\",\"@id\":\"https:\/\/lgdmes.fr\/index.php\/deambulation\/#breadcrumb\",\"itemListElement\":[{\"@type\":\"ListItem\",\"position\":1,\"name\":\"Accueil\",\"item\":\"https:\/\/lgdmes.fr\/\"},{\"@type\":\"ListItem\",\"position\":2,\"name\":\"D\u00e9ambulation\"}]},{\"@type\":\"WebSite\",\"@id\":\"https:\/\/lgdmes.fr\/#website\",\"url\":\"https:\/\/lgdmes.fr\/\",\"name\":\"Guilde M\u00e9nestrels &amp; Saltimbanques\",\"description\":\"Une aventure m\u00e9di\u00e9vale fantastique\",\"publisher\":{\"@id\":\"https:\/\/lgdmes.fr\/#organization\"},\"potentialAction\":[{\"@type\":\"SearchAction\",\"target\":{\"@type\":\"EntryPoint\",\"urlTemplate\":\"https:\/\/lgdmes.fr\/?s={search_term_string}\"},\"query-input\":{\"@type\":\"PropertyValueSpecification\",\"valueRequired\":true,\"valueName\":\"search_term_string\"}}],\"inLanguage\":\"fr-FR\"},{\"@type\":\"Organization\",\"@id\":\"https:\/\/lgdmes.fr\/#organization\",\"name\":\"Guilde M\u00e9nestrels &amp; Saltimbanques\",\"url\":\"https:\/\/lgdmes.fr\/\",\"logo\":{\"@type\":\"ImageObject\",\"inLanguage\":\"fr-FR\",\"@id\":\"https:\/\/lgdmes.fr\/#\/schema\/logo\/image\/\",\"url\":\"https:\/\/lgdmes.fr\/wp-content\/uploads\/2023\/11\/cropped-LOGO-GMS-SF2023.png\",\"contentUrl\":\"https:\/\/lgdmes.fr\/wp-content\/uploads\/2023\/11\/cropped-LOGO-GMS-SF2023.png\",\"width\":297,\"height\":324,\"caption\":\"Guilde M\u00e9nestrels &amp; Saltimbanques\"},\"image\":{\"@id\":\"https:\/\/lgdmes.fr\/#\/schema\/logo\/image\/\"}}]}<\/script>\n<!-- \/ Yoast SEO plugin. -->","yoast_head_json":{"title":"D\u00e9ambulation - Guilde M\u00e9nestrels &amp; Saltimbanques","robots":{"index":"index","follow":"follow","max-snippet":"max-snippet:-1","max-image-preview":"max-image-preview:large","max-video-preview":"max-video-preview:-1"},"canonical":"https:\/\/lgdmes.fr\/index.php\/deambulation\/","og_locale":"fr_FR","og_type":"article","og_title":"D\u00e9ambulation - Guilde M\u00e9nestrels &amp; Saltimbanques","og_description":"Des aventuriers en tout genres D\u00e9couvrez l&rsquo;extraordinaire avec notre troupe costum\u00e9e en m\u00e9di\u00e9vale fantastique, une exp\u00e9rience unique qui transporte les spectateurs dans un monde envo\u00fbtant o\u00f9 la magie, l&rsquo;aventure et l&rsquo;imagination se rencontrent. Lors de vos \u00e9v\u00e8nements sp\u00e9ciaux, laissez-vous emporter par l&rsquo;incroyable voyage que notre troupe offre, une immersion totale dans cet univers. Nos artistes, &hellip; Lire la suite de\u00ab\u00a0D\u00e9ambulation\u00a0\u00bb","og_url":"https:\/\/lgdmes.fr\/index.php\/deambulation\/","og_site_name":"Guilde M\u00e9nestrels &amp; Saltimbanques","article_modified_time":"2024-02-04T10:44:25+00:00","og_image":[{"url":"http:\/\/lgdmes.fr\/wp-content\/uploads\/2023\/11\/72a5a164-bae6-4264-a311-75003d88be11-470x1024.png"}],"twitter_card":"summary_large_image","twitter_misc":{"Dur\u00e9e de lecture estim\u00e9e":"2 minutes"},"schema":{"@context":"https:\/\/schema.org","@graph":[{"@type":"WebPage","@id":"https:\/\/lgdmes.fr\/index.php\/deambulation\/","url":"https:\/\/lgdmes.fr\/index.php\/deambulation\/","name":"D\u00e9ambulation - Guilde M\u00e9nestrels &amp; Saltimbanques","isPartOf":{"@id":"https:\/\/lgdmes.fr\/#website"},"primaryImageOfPage":{"@id":"https:\/\/lgdmes.fr\/index.php\/deambulation\/#primaryimage"},"image":{"@id":"https:\/\/lgdmes.fr\/index.php\/deambulation\/#primaryimage"},"thumbnailUrl":"http:\/\/lgdmes.fr\/wp-content\/uploads\/2023\/11\/72a5a164-bae6-4264-a311-75003d88be11-470x1024.png","datePublished":"2023-11-29T11:25:16+00:00","dateModified":"2024-02-04T10:44:25+00:00","breadcrumb":{"@id":"https:\/\/lgdmes.fr\/index.php\/deambulation\/#breadcrumb"},"inLanguage":"fr-FR","potentialAction":[{"@type":"ReadAction","target":["https:\/\/lgdmes.fr\/index.php\/deambulation\/"]}]},{"@type":"ImageObject","inLanguage":"fr-FR","@id":"https:\/\/lgdmes.fr\/index.php\/deambulation\/#primaryimage","url":"http:\/\/lgdmes.fr\/wp-content\/uploads\/2023\/11\/72a5a164-bae6-4264-a311-75003d88be11-470x1024.png","contentUrl":"http:\/\/lgdmes.fr\/wp-content\/uploads\/2023\/11\/72a5a164-bae6-4264-a311-75003d88be11-470x1024.png"},{"@type":"BreadcrumbList","@id":"https:\/\/lgdmes.fr\/index.php\/deambulation\/#breadcrumb","itemListElement":[{"@type":"ListItem","position":1,"name":"Accueil","item":"https:\/\/lgdmes.fr\/"},{"@type":"ListItem","position":2,"name":"D\u00e9ambulation"}]},{"@type":"WebSite","@id":"https:\/\/lgdmes.fr\/#website","url":"https:\/\/lgdmes.fr\/","name":"Guilde M\u00e9nestrels &amp; Saltimbanques","description":"Une aventure m\u00e9di\u00e9vale fantastique","publisher":{"@id":"https:\/\/lgdmes.fr\/#organization"},"potentialAction":[{"@type":"SearchAction","target":{"@type":"EntryPoint","urlTemplate":"https:\/\/lgdmes.fr\/?s={search_term_string}"},"query-input":{"@type":"PropertyValueSpecification","valueRequired":true,"valueName":"search_term_string"}}],"inLanguage":"fr-FR"},{"@type":"Organization","@id":"https:\/\/lgdmes.fr\/#organization","name":"Guilde M\u00e9nestrels &amp; Saltimbanques","url":"https:\/\/lgdmes.fr\/","logo":{"@type":"ImageObject","inLanguage":"fr-FR","@id":"https:\/\/lgdmes.fr\/#\/schema\/logo\/image\/","url":"https:\/\/lgdmes.fr\/wp-content\/uploads\/2023\/11\/cropped-LOGO-GMS-SF2023.png","contentUrl":"https:\/\/lgdmes.fr\/wp-content\/uploads\/2023\/11\/cropped-LOGO-GMS-SF2023.png","width":297,"height":324,"caption":"Guilde M\u00e9nestrels &amp; Saltimbanques"},"image":{"@id":"https:\/\/lgdmes.fr\/#\/schema\/logo\/image\/"}}]}},"_links":{"self":[{"href":"https:\/\/lgdmes.fr\/index.php\/wp-json\/wp\/v2\/pages\/310","targetHints":{"allow":["GET"]}}],"collection":[{"href":"https:\/\/lgdmes.fr\/index.php\/wp-json\/wp\/v2\/pages"}],"about":[{"href":"https:\/\/lgdmes.fr\/index.php\/wp-json\/wp\/v2\/types\/page"}],"author":[{"embeddable":true,"href":"https:\/\/lgdmes.fr\/index.php\/wp-json\/wp\/v2\/users\/1"}],"replies":[{"embeddable":true,"href":"https:\/\/lgdmes.fr\/index.php\/wp-json\/wp\/v2\/comments?post=310"}],"version-history":[{"count":8,"href":"https:\/\/lgdmes.fr\/index.php\/wp-json\/wp\/v2\/pages\/310\/revisions"}],"predecessor-version":[{"id":500,"href":"https:\/\/lgdmes.fr\/index.php\/wp-json\/wp\/v2\/pages\/310\/revisions\/500"}],"wp:attachment":[{"href":"https:\/\/lgdmes.fr\/index.php\/wp-json\/wp\/v2\/media?parent=310"}],"curies":[{"name":"wp","href":"https:\/\/api.w.org\/{rel}","templated":true}]}}